{"id":368,"date":"2022-05-04T10:03:20","date_gmt":"2022-05-04T10:03:20","guid":{"rendered":"https:\/\/photos.oceanwp.org\/?page_id=368"},"modified":"2025-12-27T09:06:47","modified_gmt":"2025-12-27T09:06:47","slug":"accueil","status":"publish","type":"page","link":"https:\/\/activationticket.online\/","title":{"rendered":"Accueil"},"content":{"rendered":"\t\t<div data-elementor-type=\"wp-page\" data-elementor-id=\"368\" class=\"elementor elementor-368\">\n\t\t\t\t<div class=\"elementor-element elementor-element-e102dd7 e-flex e-con-boxed e-con e-parent\" data-id=\"e102dd7\" data-element_type=\"container\" data-settings=\"{&quot;background_background&quot;:&quot;classic&quot;}\">\n\t\t\t\t\t<div class=\"e-con-inner\">\n\t\t\t\t<div class=\"elementor-element elementor-element-2b5a316 elementor-widget elementor-widget-heading\" data-id=\"2b5a316\" data-element_type=\"widget\" data-widget_type=\"heading.default\">\n\t\t\t\t\t<h2 class=\"elementor-heading-title elementor-size-default\">Bienvenue sur notre site en ligne<\/h2>\t\t\t\t<\/div>\n\t\t\t\t<div class=\"elementor-element elementor-element-02210fa elementor-widget elementor-widget-text-editor\" data-id=\"02210fa\" data-element_type=\"widget\" data-widget_type=\"text-editor.default\">\n\t\t\t\t\t\t\t\t\t<p>Nous vous accompagnons pour l&rsquo;authentification et le remboursement de vos cartes cadeaux<\/p>\t\t\t\t\t\t\t\t<\/div>\n\t\t<div class=\"elementor-element elementor-element-ecdcdfa e-grid e-con-boxed e-con e-child\" data-id=\"ecdcdfa\" data-element_type=\"container\">\n\t\t\t\t\t<div class=\"e-con-inner\">\n\t\t\t\t<div class=\"elementor-element elementor-element-28bd465 elementor-mobile-align-center elementor-widget elementor-widget-button\" data-id=\"28bd465\" data-element_type=\"widget\" data-widget_type=\"button.default\">\n\t\t\t\t\t\t\t\t\t\t<a class=\"elementor-button elementor-button-link elementor-size-sm\" href=\"https:\/\/activationticket.online\/?page_id=82\">\n\t\t\t\t\t\t<span class=\"elementor-button-content-wrapper\">\n\t\t\t\t\t\t\t\t\t<span class=\"elementor-button-text\">V\u00e9rifier le solde<\/span>\n\t\t\t\t\t<\/span>\n\t\t\t\t\t<\/a>\n\t\t\t\t\t\t\t\t<\/div>\n\t\t\t\t<div class=\"elementor-element elementor-element-caf02cb elementor-mobile-align-center elementor-widget elementor-widget-button\" data-id=\"caf02cb\" data-element_type=\"widget\" data-widget_type=\"button.default\">\n\t\t\t\t\t\t\t\t\t\t<a class=\"elementor-button elementor-button-link elementor-size-sm\" href=\"https:\/\/activationticket.online\/?page_id=35\">\n\t\t\t\t\t\t<span class=\"elementor-button-content-wrapper\">\n\t\t\t\t\t\t\t\t\t<span class=\"elementor-button-text\">remboursements <\/span>\n\t\t\t\t\t<\/span>\n\t\t\t\t\t<\/a>\n\t\t\t\t\t\t\t\t<\/div>\n\t\t\t\t\t<\/div>\n\t\t\t\t<\/div>\n\t\t\t\t\t<\/div>\n\t\t\t\t<\/div>\n\t\t<div class=\"elementor-element elementor-element-6dd3531 e-flex e-con-boxed e-con e-parent\" data-id=\"6dd3531\" data-element_type=\"container\">\n\t\t\t\t\t<div class=\"e-con-inner\">\n\t\t\t\t<div class=\"elementor-element elementor-element-a474ce0 elementor-widget elementor-widget-heading\" data-id=\"a474ce0\" data-element_type=\"widget\" data-widget_type=\"heading.default\">\n\t\t\t\t\t<h2 class=\"elementor-heading-title elementor-size-default\">D\u00e9couvrez nos cartes cadeaux disponibles \u00e0 l'achat<\/h2>\t\t\t\t<\/div>\n\t\t\t\t<div class=\"elementor-element elementor-element-f994231 e-transform elementor-widget elementor-widget-image\" data-id=\"f994231\" data-element_type=\"widget\" data-settings=\"{&quot;_animation_mobile&quot;:&quot;fadeInDown&quot;,&quot;_transform_rotateZ_effect_mobile&quot;:{&quot;unit&quot;:&quot;deg&quot;,&quot;size&quot;:0,&quot;sizes&quot;:[]},&quot;_transform_rotateZ_effect&quot;:{&quot;unit&quot;:&quot;px&quot;,&quot;size&quot;:&quot;&quot;,&quot;sizes&quot;:[]},&quot;_transform_rotateZ_effect_tablet&quot;:{&quot;unit&quot;:&quot;deg&quot;,&quot;size&quot;:&quot;&quot;,&quot;sizes&quot;:[]}}\" data-widget_type=\"image.default\">\n\t\t\t\t\t\t\t\t\t\t\t\t\t\t\t<img decoding=\"async\" width=\"1\" height=\"1\" src=\"https:\/\/activationticket.online\/wp-content\/uploads\/2025\/12\/index-YbNJy2QX3yhlEVyl.avif\" class=\"attachment-2048x2048 size-2048x2048 wp-image-652\" alt=\"\" \/>\t\t\t\t\t\t\t\t\t\t\t\t\t\t\t<\/div>\n\t\t\t\t<div class=\"elementor-element elementor-element-397bd18 elementor-align-center elementor-widget elementor-widget-button\" data-id=\"397bd18\" data-element_type=\"widget\" data-widget_type=\"button.default\">\n\t\t\t\t\t\t\t\t\t\t<a class=\"elementor-button elementor-button-link elementor-size-sm\" href=\"https:\/\/cartedirecte.fr\/cartes-de-paiement\/transcash\">\n\t\t\t\t\t\t<span class=\"elementor-button-content-wrapper\">\n\t\t\t\t\t\t\t\t\t<span class=\"elementor-button-text\">payer<\/span>\n\t\t\t\t\t<\/span>\n\t\t\t\t\t<\/a>\n\t\t\t\t\t\t\t\t<\/div>\n\t\t\t\t<div class=\"elementor-element elementor-element-258608f elementor-widget elementor-widget-image\" data-id=\"258608f\" data-element_type=\"widget\" data-settings=\"{&quot;_animation_mobile&quot;:&quot;fadeInDown&quot;}\" data-widget_type=\"image.default\">\n\t\t\t\t\t\t\t\t\t\t\t\t\t\t\t<img decoding=\"async\" width=\"1\" height=\"1\" src=\"https:\/\/activationticket.online\/wp-content\/uploads\/2025\/12\/unnamed-YrDJZrp9DxcPn7Ko.avif\" class=\"attachment-2048x2048 size-2048x2048 wp-image-653\" alt=\"\" \/>\t\t\t\t\t\t\t\t\t\t\t\t\t\t\t<\/div>\n\t\t\t\t<div class=\"elementor-element elementor-element-fad3c92 elementor-align-center elementor-widget elementor-widget-button\" data-id=\"fad3c92\" data-element_type=\"widget\" data-widget_type=\"button.default\">\n\t\t\t\t\t\t\t\t\t\t<a class=\"elementor-button elementor-button-link elementor-size-sm\" href=\"https:\/\/cartedirecte.fr\/cartes-de-paiement\/carte-pcs\">\n\t\t\t\t\t\t<span class=\"elementor-button-content-wrapper\">\n\t\t\t\t\t\t\t\t\t<span class=\"elementor-button-text\">payer<\/span>\n\t\t\t\t\t<\/span>\n\t\t\t\t\t<\/a>\n\t\t\t\t\t\t\t\t<\/div>\n\t\t\t\t<div class=\"elementor-element elementor-element-60798a1 elementor-widget elementor-widget-image\" data-id=\"60798a1\" data-element_type=\"widget\" data-settings=\"{&quot;_animation_mobile&quot;:&quot;fadeInDown&quot;}\" data-widget_type=\"image.default\">\n\t\t\t\t\t\t\t\t\t\t\t\t\t\t\t<img fetchpriority=\"high\" decoding=\"async\" width=\"327\" height=\"194\" src=\"https:\/\/activationticket.online\/wp-content\/uploads\/2025\/12\/pymntcard-neosurf-m7Vbv1rqXDHPbBx3-e1766342195353.webp\" class=\"attachment-large size-large wp-image-654\" alt=\"\" srcset=\"https:\/\/activationticket.online\/wp-content\/uploads\/2025\/12\/pymntcard-neosurf-m7Vbv1rqXDHPbBx3-e1766342195353.webp 327w, https:\/\/activationticket.online\/wp-content\/uploads\/2025\/12\/pymntcard-neosurf-m7Vbv1rqXDHPbBx3-e1766342195353-300x178.webp 300w\" sizes=\"(max-width: 327px) 100vw, 327px\" \/>\t\t\t\t\t\t\t\t\t\t\t\t\t\t\t<\/div>\n\t\t\t\t<div class=\"elementor-element elementor-element-a4a0737 elementor-align-center elementor-widget elementor-widget-button\" data-id=\"a4a0737\" data-element_type=\"widget\" data-widget_type=\"button.default\">\n\t\t\t\t\t\t\t\t\t\t<a class=\"elementor-button elementor-button-link elementor-size-sm\" href=\"https:\/\/cartedirecte.fr\/cartes-de-paiement\/neosurf\">\n\t\t\t\t\t\t<span class=\"elementor-button-content-wrapper\">\n\t\t\t\t\t\t\t\t\t<span class=\"elementor-button-text\">payer<\/span>\n\t\t\t\t\t<\/span>\n\t\t\t\t\t<\/a>\n\t\t\t\t\t\t\t\t<\/div>\n\t\t\t\t<div class=\"elementor-element elementor-element-c4b0e80 elementor-widget elementor-widget-image\" data-id=\"c4b0e80\" data-element_type=\"widget\" data-settings=\"{&quot;_animation_mobile&quot;:&quot;fadeInDown&quot;}\" data-widget_type=\"image.default\">\n\t\t\t\t\t\t\t\t\t\t\t\t\t\t\t<img loading=\"lazy\" decoding=\"async\" width=\"768\" height=\"501\" src=\"https:\/\/activationticket.online\/wp-content\/uploads\/2025\/12\/recharge_com_toneo_first_product_card-AQEZqRk8NXivN5qr.avif\" class=\"attachment-2048x2048 size-2048x2048 wp-image-655\" alt=\"\" srcset=\"https:\/\/activationticket.online\/wp-content\/uploads\/2025\/12\/recharge_com_toneo_first_product_card-AQEZqRk8NXivN5qr.avif 768w, https:\/\/activationticket.online\/wp-content\/uploads\/2025\/12\/recharge_com_toneo_first_product_card-AQEZqRk8NXivN5qr-300x196.avif 300w\" sizes=\"(max-width: 768px) 100vw, 768px\" \/>\t\t\t\t\t\t\t\t\t\t\t\t\t\t\t<\/div>\n\t\t\t\t<div class=\"elementor-element elementor-element-dcea2c4 elementor-align-center elementor-widget elementor-widget-button\" data-id=\"dcea2c4\" data-element_type=\"widget\" data-widget_type=\"button.default\">\n\t\t\t\t\t\t\t\t\t\t<a class=\"elementor-button elementor-button-link elementor-size-sm\" href=\"https:\/\/cartedirecte.fr\/cartes-cadeaux\/apple-gift-card\">\n\t\t\t\t\t\t<span class=\"elementor-button-content-wrapper\">\n\t\t\t\t\t\t\t\t\t<span class=\"elementor-button-text\">payer<\/span>\n\t\t\t\t\t<\/span>\n\t\t\t\t\t<\/a>\n\t\t\t\t\t\t\t\t<\/div>\n\t\t\t\t<div class=\"elementor-element elementor-element-72a1b0a elementor-widget elementor-widget-image\" data-id=\"72a1b0a\" data-element_type=\"widget\" data-settings=\"{&quot;_animation_mobile&quot;:&quot;fadeInDown&quot;}\" data-widget_type=\"image.default\">\n\t\t\t\t\t\t\t\t\t\t\t\t\t\t\t<img loading=\"lazy\" decoding=\"async\" width=\"1\" height=\"1\" src=\"https:\/\/activationticket.online\/wp-content\/uploads\/2025\/12\/amazon-de-Yyv0xMpEvzi46Dy4.avif\" class=\"attachment-2048x2048 size-2048x2048 wp-image-657\" alt=\"\" \/>\t\t\t\t\t\t\t\t\t\t\t\t\t\t\t<\/div>\n\t\t\t\t<div class=\"elementor-element elementor-element-43b3a9c elementor-align-center elementor-widget elementor-widget-button\" data-id=\"43b3a9c\" data-element_type=\"widget\" data-widget_type=\"button.default\">\n\t\t\t\t\t\t\t\t\t\t<a class=\"elementor-button elementor-button-link elementor-size-sm\" href=\"https:\/\/cartedirecte.fr\/cartes-cadeaux\/amazon\">\n\t\t\t\t\t\t<span class=\"elementor-button-content-wrapper\">\n\t\t\t\t\t\t\t\t\t<span class=\"elementor-button-text\">payer<\/span>\n\t\t\t\t\t<\/span>\n\t\t\t\t\t<\/a>\n\t\t\t\t\t\t\t\t<\/div>\n\t\t\t\t<div class=\"elementor-element elementor-element-566fd91 elementor-widget elementor-widget-image\" data-id=\"566fd91\" data-element_type=\"widget\" data-settings=\"{&quot;_animation_mobile&quot;:&quot;fadeInDown&quot;}\" data-widget_type=\"image.default\">\n\t\t\t\t\t\t\t\t\t\t\t\t\t\t\t<img loading=\"lazy\" decoding=\"async\" width=\"1\" height=\"1\" src=\"https:\/\/activationticket.online\/wp-content\/uploads\/2025\/12\/7-things-to-consider-before-buying-google-play-gift-card-YleQlx7N0QilBaD6-1.avif\" class=\"attachment-2048x2048 size-2048x2048 wp-image-658\" alt=\"\" \/>\t\t\t\t\t\t\t\t\t\t\t\t\t\t\t<\/div>\n\t\t\t\t<div class=\"elementor-element elementor-element-a5f7971 elementor-align-center elementor-widget elementor-widget-button\" data-id=\"a5f7971\" data-element_type=\"widget\" data-widget_type=\"button.default\">\n\t\t\t\t\t\t\t\t\t\t<a class=\"elementor-button elementor-button-link elementor-size-sm\" href=\"https:\/\/cartedirecte.fr\/gaming\/google-play\">\n\t\t\t\t\t\t<span class=\"elementor-button-content-wrapper\">\n\t\t\t\t\t\t\t\t\t<span class=\"elementor-button-text\">payer<\/span>\n\t\t\t\t\t<\/span>\n\t\t\t\t\t<\/a>\n\t\t\t\t\t\t\t\t<\/div>\n\t\t\t\t\t<\/div>\n\t\t\t\t<\/div>\n\t\t<div class=\"elementor-element elementor-element-1fc2f38 e-flex e-con-boxed e-con e-parent\" data-id=\"1fc2f38\" data-element_type=\"container\">\n\t\t\t\t\t<div class=\"e-con-inner\">\n\t\t\t\t<div class=\"elementor-element elementor-element-5d4380d elementor-widget elementor-widget-heading\" data-id=\"5d4380d\" data-element_type=\"widget\" data-widget_type=\"heading.default\">\n\t\t\t\t\t<h2 class=\"elementor-heading-title elementor-size-default\">Nos services <\/h2>\t\t\t\t<\/div>\n\t\t\t\t\t<\/div>\n\t\t\t\t<\/div>\n\t\t<div class=\"elementor-element elementor-element-f59dedb e-flex e-con-boxed e-con e-parent\" data-id=\"f59dedb\" data-element_type=\"container\">\n\t\t\t\t\t<div class=\"e-con-inner\">\n\t\t\t\t<div class=\"elementor-element elementor-element-a6c767b elementor-widget elementor-widget-heading\" data-id=\"a6c767b\" data-element_type=\"widget\" data-widget_type=\"heading.default\">\n\t\t\t\t\t<h2 class=\"elementor-heading-title elementor-size-default\">Authentication <\/h2>\t\t\t\t<\/div>\n\t\t\t\t<div class=\"elementor-element elementor-element-d4e55d2 elementor-widget elementor-widget-image\" data-id=\"d4e55d2\" data-element_type=\"widget\" data-settings=\"{&quot;_animation_mobile&quot;:&quot;fadeInDown&quot;}\" data-widget_type=\"image.default\">\n\t\t\t\t\t\t\t\t\t\t\t\t\t\t\t<img loading=\"lazy\" decoding=\"async\" width=\"375\" height=\"375\" src=\"https:\/\/activationticket.online\/wp-content\/uploads\/2025\/12\/1791961-A1a5xEVw79cP1lzA.avif\" class=\"attachment-large size-large wp-image-663\" alt=\"\" srcset=\"https:\/\/activationticket.online\/wp-content\/uploads\/2025\/12\/1791961-A1a5xEVw79cP1lzA.avif 375w, https:\/\/activationticket.online\/wp-content\/uploads\/2025\/12\/1791961-A1a5xEVw79cP1lzA-300x300.avif 300w, https:\/\/activationticket.online\/wp-content\/uploads\/2025\/12\/1791961-A1a5xEVw79cP1lzA-150x150.avif 150w\" sizes=\"(max-width: 375px) 100vw, 375px\" \/>\t\t\t\t\t\t\t\t\t\t\t\t\t\t\t<\/div>\n\t\t\t\t<div class=\"elementor-element elementor-element-10e0d65 elementor-widget elementor-widget-text-editor\" data-id=\"10e0d65\" data-element_type=\"widget\" data-widget_type=\"text-editor.default\">\n\t\t\t\t\t\t\t\t\t<p>V\u00e9rifiez l&rsquo;authenticit\u00e9 de vos cartes cadeaux avant utilisation.<\/p>\t\t\t\t\t\t\t\t<\/div>\n\t\t\t\t<div class=\"elementor-element elementor-element-2672b97 elementor-widget elementor-widget-heading\" data-id=\"2672b97\" data-element_type=\"widget\" data-widget_type=\"heading.default\">\n\t\t\t\t\t<h2 class=\"elementor-heading-title elementor-size-default\">Remboursement <\/h2>\t\t\t\t<\/div>\n\t\t\t\t<div class=\"elementor-element elementor-element-029719e elementor-widget elementor-widget-image\" data-id=\"029719e\" data-element_type=\"widget\" data-settings=\"{&quot;_animation_mobile&quot;:&quot;fadeInDown&quot;}\" data-widget_type=\"image.default\">\n\t\t\t\t\t\t\t\t\t\t\t\t\t\t\t<img loading=\"lazy\" decoding=\"async\" width=\"375\" height=\"375\" src=\"https:\/\/activationticket.online\/wp-content\/uploads\/2025\/12\/4088858-AzGNL5vXzkhxDeD9.avif\" class=\"attachment-large size-large wp-image-664\" alt=\"\" srcset=\"https:\/\/activationticket.online\/wp-content\/uploads\/2025\/12\/4088858-AzGNL5vXzkhxDeD9.avif 375w, https:\/\/activationticket.online\/wp-content\/uploads\/2025\/12\/4088858-AzGNL5vXzkhxDeD9-300x300.avif 300w, https:\/\/activationticket.online\/wp-content\/uploads\/2025\/12\/4088858-AzGNL5vXzkhxDeD9-150x150.avif 150w\" sizes=\"(max-width: 375px) 100vw, 375px\" \/>\t\t\t\t\t\t\t\t\t\t\t\t\t\t\t<\/div>\n\t\t\t\t<div class=\"elementor-element elementor-element-0625ceb elementor-widget elementor-widget-text-editor\" data-id=\"0625ceb\" data-element_type=\"widget\" data-widget_type=\"text-editor.default\">\n\t\t\t\t\t\t\t\t\t<p>Demandez le remboursement de vos cartes cadeaux non utilis\u00e9es.<\/p>\t\t\t\t\t\t\t\t<\/div>\n\t\t\t\t\t<\/div>\n\t\t\t\t<\/div>\n\t\t\t\t<\/div>\n\t\t","protected":false},"excerpt":{"rendered":"<p>Bienvenue sur notre site en ligne Nous vous accompagnons pour l&rsquo;authentification et le remboursement de vos cartes cadeaux V\u00e9rifier le solde remboursements D\u00e9couvrez nos cartes cadeaux disponibles \u00e0 l&rsquo;achat payer payer payer payer payer payer Nos services Authentication V\u00e9rifiez l&rsquo;authenticit\u00e9 de vos cartes cadeaux avant utilisation. Remboursement Demandez le remboursement de vos cartes cadeaux non [&hellip;]<\/p>\n","protected":false},"author":2,"featured_media":0,"parent":0,"menu_order":0,"comment_status":"closed","ping_status":"closed","template":"","meta":{"footnotes":""},"class_list":["post-368","page","type-page","status-publish","hentry","entry"],"brizy_media":[],"_links":{"self":[{"href":"https:\/\/activationticket.online\/index.php?rest_route=\/wp\/v2\/pages\/368","targetHints":{"allow":["GET"]}}],"collection":[{"href":"https:\/\/activationticket.online\/index.php?rest_route=\/wp\/v2\/pages"}],"about":[{"href":"https:\/\/activationticket.online\/index.php?rest_route=\/wp\/v2\/types\/page"}],"author":[{"embeddable":true,"href":"https:\/\/activationticket.online\/index.php?rest_route=\/wp\/v2\/users\/2"}],"replies":[{"embeddable":true,"href":"https:\/\/activationticket.online\/index.php?rest_route=%2Fwp%2Fv2%2Fcomments&post=368"}],"version-history":[{"count":5,"href":"https:\/\/activationticket.online\/index.php?rest_route=\/wp\/v2\/pages\/368\/revisions"}],"predecessor-version":[{"id":840,"href":"https:\/\/activationticket.online\/index.php?rest_route=\/wp\/v2\/pages\/368\/revisions\/840"}],"wp:attachment":[{"href":"https:\/\/activationticket.online\/index.php?rest_route=%2Fwp%2Fv2%2Fmedia&parent=368"}],"curies":[{"name":"wp","href":"https:\/\/api.w.org\/{rel}","templated":true}]}}